{"id":826,"date":"2018-03-13T17:18:05","date_gmt":"2018-03-13T16:18:05","guid":{"rendered":"https:\/\/woodart.at\/shop\/produkt\/wanderer-landstreicher-groesse-19-cm\/"},"modified":"2023-12-14T13:16:50","modified_gmt":"2023-12-14T12:16:50","slug":"wanderer-landstreicher-groesse-19-cm","status":"publish","type":"product","link":"https:\/\/woodart.at\/shop\/produkt\/wanderer-landstreicher-groesse-19-cm\/","title":{"rendered":"Wanderer\/Landstreicher Gr\u00f6\u00dfe 19 cm"},"content":{"rendered":"<p>Unsere qualitativ sehr hochwertigen R\u00e4ucherm\u00e4nnchen werden in liebevoller Handarbeit aus heimischen H\u00f6lzern gefertigt und per Hand bemalt. Jede R\u00e4ucherfigur ist ein wahres Einzelst\u00fcck und sehr dekorativ. Beste Qualit\u00e4t aus dem Erzgebirge. Gratisversand in ganz Europa!<\/p>\n","protected":false},"excerpt":{"rendered":"<p>Unsere qualitativ sehr hochwertigen R\u00e4ucherm\u00e4nnchen werden in liebevoller Handarbeit aus heimischen H\u00f6lzern gefertigt und per Hand bemalt. Jede R\u00e4ucherfigur ist [&hellip;]<\/p>\n","protected":false},"featured_media":827,"comment_status":"closed","ping_status":"open","template":"","meta":[],"product_brand":[],"product_cat":[74],"product_tag":[],"class_list":{"0":"post-826","1":"product","2":"type-product","3":"status-publish","4":"has-post-thumbnail","6":"product_cat-raeuchermaennchen","8":"first","9":"outofstock","10":"taxable","11":"shipping-taxable","12":"purchasable","13":"product-type-simple","14":"has-featured-image","15":"portrait"},"_links":{"self":[{"href":"https:\/\/woodart.at\/shop\/wp-json\/wp\/v2\/product\/826","targetHints":{"allow":["GET"]}}],"collection":[{"href":"https:\/\/woodart.at\/shop\/wp-json\/wp\/v2\/product"}],"about":[{"href":"https:\/\/woodart.at\/shop\/wp-json\/wp\/v2\/types\/product"}],"replies":[{"embeddable":true,"href":"https:\/\/woodart.at\/shop\/wp-json\/wp\/v2\/comments?post=826"}],"wp:featuredmedia":[{"embeddable":true,"href":"https:\/\/woodart.at\/shop\/wp-json\/wp\/v2\/media\/827"}],"wp:attachment":[{"href":"https:\/\/woodart.at\/shop\/wp-json\/wp\/v2\/media?parent=826"}],"wp:term":[{"taxonomy":"product_brand","embeddable":true,"href":"https:\/\/woodart.at\/shop\/wp-json\/wp\/v2\/product_brand?post=826"},{"taxonomy":"product_cat","embeddable":true,"href":"https:\/\/woodart.at\/shop\/wp-json\/wp\/v2\/product_cat?post=826"},{"taxonomy":"product_tag","embeddable":true,"href":"https:\/\/woodart.at\/shop\/wp-json\/wp\/v2\/product_tag?post=826"}],"curies":[{"name":"wp","href":"https:\/\/api.w.org\/{rel}","templated":true}]}}