{"id":487,"date":"2018-02-27T10:22:56","date_gmt":"2018-02-27T09:22:56","guid":{"rendered":"https:\/\/woodart.at\/shop\/produkt\/kuckucksuhr-1-tag-mechanisch-22-cm-handbemalt-mit-edelweiss-und-enzian\/"},"modified":"2023-02-23T16:22:56","modified_gmt":"2023-02-23T15:22:56","slug":"kuckucksuhr-1-tag-mechanisch-22-cm-handbemalt-mit-edelweiss-und-enzian","status":"publish","type":"product","link":"https:\/\/woodart.at\/shop\/produkt\/kuckucksuhr-1-tag-mechanisch-22-cm-handbemalt-mit-edelweiss-und-enzian\/","title":{"rendered":"Kuckucksuhr 1 Tag mechanisch 22 cm handbemalt mit Edelweiss und Enzian"},"content":{"rendered":"<p>Original Schwarzwald 1 Tag mechanik Kuckucksuhr aus Alpenholz geschnitzt und handbemalt. Die Uhr muss t\u00e4glich einmal aufgezogen werden. Der Kuckuck ruft zur halben Stunde einmal und zur vollen Stunde die Anzahl der Uhrzeit. (siehe Video) Die Uhr hat ein qualitativ sehr hochwertiges Rechenschlagwerk, welches das Links und Rechts drehen der Zeiger erlaubt, ohne die Uhr zu besch\u00e4digen. Weiters verf\u00fcgt Sie \u00fcber eine Nachtabschaltung. Die Gr\u00f6\u00dfenangabe bezieht sich auf das Haus ohne Pendel und ohne Gewichte. Versicherter Versand. 2 Jahre Garantie. F\u00fcr weitere Informationen sehen Sie sich bitte unser Produktvideo an!<\/p>\n","protected":false},"excerpt":{"rendered":"<p>Original Schwarzwald 1 Tag mechanik Kuckucksuhr aus Alpenholz geschnitzt und handbemalt. Die Uhr muss t\u00e4glich einmal aufgezogen werden. Der Kuckuck [&hellip;]<\/p>\n","protected":false},"featured_media":488,"comment_status":"closed","ping_status":"closed","template":"","meta":[],"product_brand":[],"product_cat":[43,41],"product_tag":[],"class_list":{"0":"post-487","1":"product","2":"type-product","3":"status-publish","4":"has-post-thumbnail","6":"product_cat-1-tag-mechanisch","7":"product_cat-kuckucksuhren","9":"first","10":"instock","11":"taxable","12":"shipping-taxable","13":"purchasable","14":"product-type-simple","15":"has-featured-image","16":"portrait"},"_links":{"self":[{"href":"https:\/\/woodart.at\/shop\/wp-json\/wp\/v2\/product\/487","targetHints":{"allow":["GET"]}}],"collection":[{"href":"https:\/\/woodart.at\/shop\/wp-json\/wp\/v2\/product"}],"about":[{"href":"https:\/\/woodart.at\/shop\/wp-json\/wp\/v2\/types\/product"}],"replies":[{"embeddable":true,"href":"https:\/\/woodart.at\/shop\/wp-json\/wp\/v2\/comments?post=487"}],"wp:featuredmedia":[{"embeddable":true,"href":"https:\/\/woodart.at\/shop\/wp-json\/wp\/v2\/media\/488"}],"wp:attachment":[{"href":"https:\/\/woodart.at\/shop\/wp-json\/wp\/v2\/media?parent=487"}],"wp:term":[{"taxonomy":"product_brand","embeddable":true,"href":"https:\/\/woodart.at\/shop\/wp-json\/wp\/v2\/product_brand?post=487"},{"taxonomy":"product_cat","embeddable":true,"href":"https:\/\/woodart.at\/shop\/wp-json\/wp\/v2\/product_cat?post=487"},{"taxonomy":"product_tag","embeddable":true,"href":"https:\/\/woodart.at\/shop\/wp-json\/wp\/v2\/product_tag?post=487"}],"curies":[{"name":"wp","href":"https:\/\/api.w.org\/{rel}","templated":true}]}}