{"id":415,"date":"2018-02-27T10:22:44","date_gmt":"2018-02-27T09:22:44","guid":{"rendered":"https:\/\/woodart.at\/shop\/produkt\/quarzkuckucksuhr-chalet-34-cm-12-melodien-mit-beweglichem-biertrinker-wassermuehle-und-tanzfiguren\/"},"modified":"2023-02-23T16:24:14","modified_gmt":"2023-02-23T15:24:14","slug":"quarzkuckucksuhr-chalet-34-cm-12-melodien-mit-beweglichem-biertrinker-wassermuehle-und-tanzfiguren","status":"publish","type":"product","link":"https:\/\/woodart.at\/shop\/produkt\/quarzkuckucksuhr-chalet-34-cm-12-melodien-mit-beweglichem-biertrinker-wassermuehle-und-tanzfiguren\/","title":{"rendered":"Quarzkuckucksuhr Chalet 34 cm (12 Melodien) mit beweglichem Biertrinker, Wasserm\u00fchle, und Tanzfiguren"},"content":{"rendered":"<p>Original Schwarzwald Quarzkuckucksuhr aus Alpenholz geschnitzt und handbemalt. St\u00fcndlicher Kuckucksruf mit Echo, danach spielt zur vollen Stunde abwechselnd jeweils 1 von 12 verschiedenen Melodien, ( 1. Kuckuckswalzer, 2. Bayrischer L\u00e4ndler, 3. M\u00fchle im Schwarzwald, 4. Holzhacker, 5. Fr\u00f6hlicher Wanderer, 6. Trink Br\u00fcderlein trink, 7. In M\u00fcnchen steht ein Hofbr\u00e4uhaus, 8. F\u00fcr Elise, 9. Loreley, 10. Home sweet Home, 11. Clementine, 12. Salut d&#8217;amour) Jede Uhr verf\u00fcgt \u00fcber einen Dunkelheitssensor = automatische Ger\u00e4uscheabschaltung bei Dunkelheit. Batterielaufzeit ca. 1 Jahr. Gr\u00f6\u00dfenangabe bezieht sich auf das Haus ohne Pendel und Gewichte. Lieferung ohne Batterien (Gr\u00f6\u00dfe: C Batterien) Versicherter Versand. 2 Jahre Garantie. F\u00fcr weitere Informationen sehen Sie sich bitte unser Produktvideo an!<\/p>\n","protected":false},"excerpt":{"rendered":"<p>Original Schwarzwald Quarzkuckucksuhr aus Alpenholz geschnitzt und handbemalt. St\u00fcndlicher Kuckucksruf mit Echo, danach spielt zur vollen Stunde abwechselnd jeweils 1 [&hellip;]<\/p>\n","protected":false},"featured_media":417,"comment_status":"closed","ping_status":"open","template":"","meta":[],"product_brand":[],"product_cat":[41,45],"product_tag":[],"class_list":{"0":"post-415","1":"product","2":"type-product","3":"status-publish","4":"has-post-thumbnail","6":"product_cat-kuckucksuhren","7":"product_cat-quarzuhren","9":"first","10":"instock","11":"taxable","12":"shipping-taxable","13":"purchasable","14":"product-type-simple","15":"has-featured-image","16":"landscape"},"_links":{"self":[{"href":"https:\/\/woodart.at\/shop\/wp-json\/wp\/v2\/product\/415","targetHints":{"allow":["GET"]}}],"collection":[{"href":"https:\/\/woodart.at\/shop\/wp-json\/wp\/v2\/product"}],"about":[{"href":"https:\/\/woodart.at\/shop\/wp-json\/wp\/v2\/types\/product"}],"replies":[{"embeddable":true,"href":"https:\/\/woodart.at\/shop\/wp-json\/wp\/v2\/comments?post=415"}],"wp:featuredmedia":[{"embeddable":true,"href":"https:\/\/woodart.at\/shop\/wp-json\/wp\/v2\/media\/417"}],"wp:attachment":[{"href":"https:\/\/woodart.at\/shop\/wp-json\/wp\/v2\/media?parent=415"}],"wp:term":[{"taxonomy":"product_brand","embeddable":true,"href":"https:\/\/woodart.at\/shop\/wp-json\/wp\/v2\/product_brand?post=415"},{"taxonomy":"product_cat","embeddable":true,"href":"https:\/\/woodart.at\/shop\/wp-json\/wp\/v2\/product_cat?post=415"},{"taxonomy":"product_tag","embeddable":true,"href":"https:\/\/woodart.at\/shop\/wp-json\/wp\/v2\/product_tag?post=415"}],"curies":[{"name":"wp","href":"https:\/\/api.w.org\/{rel}","templated":true}]}}