{"id":31,"date":"2017-07-24T10:14:45","date_gmt":"2017-07-24T08:14:45","guid":{"rendered":"https:\/\/woodart.at\/shop\/allgemeine_geschaeftsbedingungen\/"},"modified":"2023-08-25T13:02:44","modified_gmt":"2023-08-25T11:02:44","slug":"agb","status":"publish","type":"page","link":"https:\/\/woodart.at\/shop\/agb\/","title":{"rendered":"Allgemeine Gesch\u00e4ftsbedingungen"},"content":{"rendered":"<p><a href=\"https:\/\/woodart.at\/downloads\/agb-de.pdf\" target=\"_blank\" rel=\"noopener\">Download AGB (PDF)<\/a><\/p>\n<p>$ 1 Geltungsbereich und Anbieter<br \/>\n(1) F\u00fcr den Gesch\u00e4ftsverkehr der Gertraud Lackner KG, Baderg\u00e4\u00dfchen 2, A-5020 Salzburg, eingetragen unter FN<br \/>\n220188 g des LG Salzburg, Tel: +43 (0)662\/842385, Fax: +43 (0)662\/84238522, E-Mail: office@woodart.at (im Folgenden:<br \/>\nLackner KG, Verk\u00e4ufer, wir oder uns) gelten f\u00fcr alle Bestellungen, die Sie insbesondere \u00fcber den Webshop t\u00e4tigen<br \/>\nausschlie\u00dflich diese nachstehenden Allgemeinen Gesch\u00e4ftsbedingungen:<br \/>\n(2) Das Warenangebot in unserem Webshop richtet sich ausschlie\u00dflich an K\u00e4ufer, die das 18. Lebensjahr vollendet haben.<br \/>\n(3) Unsere Lieferungen, Leistungen und Angebote erfolgen ausschlie\u00dflich auf der Grundlage dieser Allgemeinen Gesch\u00e4ftsbedingungen.<br \/>\nDer Einbeziehung von Allgemeinen Gesch\u00e4ftsbedingungen eines Kunden, die unseren Allgemeinen<br \/>\nGesch\u00e4ftsbedingungen widersprechen, wird schon jetzt widersprochen.<br \/>\n(4) Vertragssprachen sind deutsch und englisch.<br \/>\n(5) Sie k\u00f6nnen die aktuell g\u00fcltigen Allgemeinen Gesch\u00e4ftsbedingungen auf der Website www.woodart.at\/agb_de jederzeit<br \/>\nabrufen und ausdrucken.<\/p>\n<p>$ 2 Vertragsabschluss<br \/>\n(1) Die Warenpr\u00e4sentation im Webshop stellt keinen verbindlichen Antrag auf den Abschluss eines Kaufvertrages dar.<br \/>\nVielmehr handelt es sich um eine unverbindliche Aufforderung, im Webshop Waren zu bestellen.<br \/>\n(2) Mit Anklicken des Buttons \u201eZahlungspflichtig bestellen\u201c geben Sie ein verbindliches Kaufangebot ab.<br \/>\n(3) Nach Eingang des Kaufangebots erhalten Sie eine automatisch erzeugte E-Mail, mit der wir best\u00e4tigen, dass wir Ihre<br \/>\nBestellung erhalten haben (Eingangsbest\u00e4tigung). Diese Eingangsbest\u00e4tigung stellt noch keine Annahme Ihres Kaufangebots<br \/>\ndar. Ein Vertrag kommt durch die Eingangsbest\u00e4tigung noch nicht zustande.<br \/>\n(4) Ein Kaufvertrag \u00fcber die Ware kommt erst zustande, wenn wir ausdr\u00fccklich die Annahme des Kaufangebots erkl\u00e4ren<br \/>\noder wenn wir die Ware \u2013 ohne vorherige ausdr\u00fcckliche Annahmeerkl\u00e4rung \u2013 an Sie versenden.<br \/>\n(5) Eine Bestellung ist nur m\u00f6glich, wenn alle im Bestellformular mit * bezeichneten Pflichtfelder ausgef\u00fcllt sind. Fehlen<br \/>\nAngaben oder k\u00f6nnen wir der Bestellung aus sonstigen Gr\u00fcnden nicht nachkommen, erh\u00e4lt der Kunde eine Fehlermeldung.<br \/>\nVor dem endg\u00fcltigen Abschicken der Bestellung erh\u00e4lt der Kunde die M\u00f6glichkeit, seine Bestellung zu korrigieren.<br \/>\nUnterst\u00fctzende Detailinformationen erh\u00e4lt der Kunde direkt im Zuge des Bestellvorganges.<\/p>\n<p>$ 3 Preise<br \/>\n(1) Alle Preise sind Gesamtpreise. Sie verstehen sich inklusive aller Steuern einschlie\u00dflich Umsatzsteuer und Abgaben<br \/>\naber ohne Versandkosten. Innerhalb Europas liefern wir versandkostenfrei. Die Versandkosten au\u00dferhalb Europas<br \/>\nbetragen pauschal 65,00 EUR netto.<br \/>\n(2) Bei einer Lieferung in ein Nicht-EWR-Land hat der Kunde alle Im- und Exportspesen inklusive allf\u00e4lliger Z\u00f6lle, Geb\u00fchren<br \/>\nund Abgaben zu tragen.<\/p>\n<p>$ 4 Zahlungsbedingungen, Verzug<br \/>\n(1) Die Zahlung erfolgt wahlweise: Paypal, Kreditkarte oder Sofort\u00fcberweisung.<br \/>\n(2) Bei Zahlung per Kreditkarte wird der Kaufpreis zum Zeitpunkt der Bestellung auf Ihrer Kreditkarte reserviert (\u201eAutorisierung\u201c).<br \/>\nDie tats\u00e4chliche Belastung Ihres Kreditkartenkontos erfolgt in dem Zeitpunkt, in dem wir die Ware an Sie<br \/>\nversenden.<br \/>\n(3) Bei Zahlung per Sofort\u00fcberweisung haben Sie ggf. jene Kosten zu tragen, die infolge einer R\u00fcckbuchung einer<br \/>\nZahlungstransaktion mangels Kontodeckung oder aufgrund von Ihnen falsch \u00fcbermittelter Daten der Bankverbindung<br \/>\nentstehen.<br \/>\n(4) Geraten Sie mit einer Zahlung in Verzug, so sind Sie zur Zahlung der gesetzlichen Verzugszinsen (gem\u00e4\u00df<br \/>\n$ 1000 Abs<br \/>\n1 ABGB) in H\u00f6he von 4 Prozentpunkten \u00fcber dem Basiszinssatz verpflichtet. F\u00fcr jedes Mahnschreiben, das nach Eintritt<br \/>\ndes Verzugs an Sie versandt wird, wird Ihnen eine Mahngeb\u00fchr in H\u00f6he von 2,50 EUR berechnet, sofern nicht im Einzelfall<br \/>\nein niedrigerer bzw. h\u00f6herer Schaden nachgewiesen wird.<\/p>\n<p>$ 5 Aufrechnung\/Zur\u00fcckbehaltungsrecht<br \/>\n(1) Ein Recht zur Aufrechnung steht Ihnen nur dann zu, wenn Ihre Gegenforderung rechtskr\u00e4ftig festgestellt worden ist<br \/>\nbzw. von uns nicht bestritten oder anerkannt wird oder in einem engen wechselseitigen Verh\u00e4ltnis zu unserer Forderung<br \/>\nsteht.<br \/>\n(2) Sie k\u00f6nnen ein Zur\u00fcckbehaltungsrecht nur aus\u00fcben, soweit Ihre Gegenforderung auf demselben Vertragsverh\u00e4ltnis<br \/>\nbzw. Rechtsgrund beruht.<\/p>\n<p>$ 6 Lieferung, Eigentumsvorbehalt<br \/>\n(1) Sofern nichts Anderes vereinbart, erfolgt die Lieferung der Ware von unserem Lager an die von Ihnen angegebene<br \/>\nAdresse.<br \/>\n(2) Die Ware bleibt bis zur vollst\u00e4ndigen Zahlung des Kaufpreises unser Eigentum.<\/p>\n<p>$ 7 R\u00fccksendung, Widerrufsbelehrung f\u00fcr Verbraucher<br \/>\n(1) Die unmittelbaren Kosten f\u00fcr die R\u00fccksendung der Ware werden vom Kunden getragen.<br \/>\n(2) Sie m\u00fcssen f\u00fcr einen etwaigen Wertverlust der Waren nur aufkommen, wenn dieser Wertverlust auf einen zur Pr\u00fc-<br \/>\nfung der Beschaffenheit, Eigenschaften und Funktionsweise der Waren nicht notwendigen Umgang mit ihnen zur\u00fcckzuf\u00fchren<br \/>\nist.<br \/>\nWiderrufsrecht<br \/>\n(1) Das Widerrufsrecht steht ausschlie\u00dflich Verbrauchern zu und ist auf Vertr\u00e4ge mit Unternehmen nicht anzuwenden.<br \/>\n(2) Sie haben das Recht, binnen vierzehn Tagen ohne Angabe von Gr\u00fcnden diesen Vertrag zu widerrufen.<br \/>\n(3) Die Widerrufsfrist betr\u00e4gt vierzehn Tage ab dem Tag, an dem Sie oder ein von Ihnen benannter Dritter, der nicht der<br \/>\nBef\u00f6rderer ist, die Waren in Besitz genommen haben bzw. hat.<br \/>\nUm Ihr Widerrufsrecht auszu\u00fcben, m\u00fcssen Sie uns<br \/>\nFirma: Gertraud Lackner KG<br \/>\nAdresse: Baderg\u00e4\u00dfchen 2, 5020 Salzburg, AUSTRIA<br \/>\nE-Mail: office@woodart.at<br \/>\nmittels einer eindeutigen Erkl\u00e4rung (z. B. ein mit der Post versandter Brief oder E-Mail) \u00fcber Ihren Entschluss, diesen<br \/>\nVertrag zu widerrufen, informieren. Sie k\u00f6nnen daf\u00fcr das beigef\u00fcgte Muster-Widerrufsformular verwenden, das jedoch<br \/>\nnicht vorgeschrieben ist. Zur Wahrung der Widerrufsfrist reicht es aus, dass Sie die Mitteilung \u00fcber die Aus\u00fcbung des<br \/>\nWiderrufsrechts vor Ablauf der Widerrufsfrist absenden.<br \/>\n(4) Folgen des Widerrufs:<br \/>\nWenn Sie diesen Vertrag widerrufen, haben wir Ihnen alle Zahlungen, die wir von Ihnen erhalten haben, einschlie\u00dflich<br \/>\nder Lieferkosten (mit Ausnahme der zus\u00e4tzlichen Kosten, die sich daraus ergeben, dass Sie eine andere Art der Lieferung<br \/>\nals die von uns angebotene, g\u00fcnstigste Standardlieferung gew\u00e4hlt haben), unverz\u00fcglich und sp\u00e4testens binnen<br \/>\nvierzehn Tagen ab dem Tag zur\u00fcckzuzahlen, an dem die Mitteilung \u00fcber Ihren Widerruf dieses Vertrags bei uns eingegangen<br \/>\nist. F\u00fcr diese R\u00fcckzahlung verwenden wir dasselbe Zahlungsmittel, das Sie bei der urspr\u00fcnglichen Transaktion<br \/>\neingesetzt haben, es sei denn, mit Ihnen wurde ausdr\u00fccklich etwas anderes vereinbart; in keinem Fall werden Ihnen<br \/>\nwegen dieser R\u00fcckzahlung Entgelte berechnet.<br \/>\n(5) Wir k\u00f6nnen die R\u00fcckzahlung verweigern, bis wir die Waren wieder zur\u00fcckerhalten haben oder bis Sie den Nachweis<br \/>\nerbracht haben, dass Sie die Waren zur\u00fcckgesandt haben, je nachdem, welches der fr\u00fchere Zeitpunkt ist.<br \/>\n(6) Sie haben die Waren unverz\u00fcglich und in jedem Fall sp\u00e4testens binnen vierzehn Tagen ab dem Tag, an dem Sie uns<br \/>\n\u00fcber den Widerruf dieses Vertrags unterrichten, an uns zur\u00fcckzusenden oder zu \u00fcbergeben. Die Frist ist gewahrt, wenn<br \/>\nSie die Waren vor Ablauf der Frist von vierzehn Tagen absenden.<br \/>\n(7) Sie tragen die unmittelbaren Kosten der R\u00fccksendung der Waren.<br \/>\n(8) Sie m\u00fcssen f\u00fcr einen etwaigen Wertverlust der Waren nur aufkommen, wenn dieser Wertverlust auf einen zur Pr\u00fc-<br \/>\nfung der Beschaffenheit, Eigenschaften und Funktionsweise der Waren nicht notwendigen Umgang mit ihnen zur\u00fcckzuf\u00fchren<br \/>\nist.<br \/>\n(9)Muster-Widerrufsformular<br \/>\nWenn Sie den Vertrag widerrufen wollen, dann f\u00fcllen Sie bitte ein Formular mit nachstehendem Text aus und senden Sie<br \/>\nes an uns zur\u00fcck.<br \/>\nAn<br \/>\nFirma: Gertraud Lackner KG<br \/>\nAdresse: Baderg\u00e4\u00dfchen 2, 5020 Salzburg, AUSTRIA<br \/>\nE-Mail: office@woodart.at<br \/>\nHiermit widerrufe(n) ich\/wir (*) den von mir\/uns (*) abgeschlossenen Vertrag \u00fcber den Kauf der folgenden Waren (*):<br \/>\nBestellt am (*)\/erhalten am (*)<br \/>\nName des\/der Verbraucher(s):<br \/>\nAnschrift des\/der Verbraucher(s):<br \/>\nUnterschrift des\/der Verbraucher(s) (nur bei Mitteilung auf Papier)<br \/>\nDatum<br \/>\n(*) Unzutreffendes streichen.<br \/>\nEnde der Widerrufsbelehrung<br \/>\n(10) Bitte vermeiden Sie Besch\u00e4digungen und Verunreinigungen. Senden Sie die Ware bitte m\u00f6glichst in Originalverpackung<br \/>\nmit s\u00e4mtlichem Zubeh\u00f6r und mit allen Verpackungsbestandteilen an uns zur\u00fcck. Verwenden Sie ggf. eine sch\u00fctzende<br \/>\nUmverpackung. Wenn Sie die Originalverpackung nicht mehr besitzen, sorgen Sie bitte mit einer geeigneten<br \/>\nVerpackung f\u00fcr einen ausreichenden Schutz vor Transportsch\u00e4den, um Schadensersatzanspr\u00fcche wegen Besch\u00e4digungen<br \/>\ninfolge mangelhafter Verpackung zu vermeiden.<br \/>\n(11) Die im vorstehenden Absatz 10 genannte Modalit\u00e4t stellt keine Voraussetzung f\u00fcr die wirksame Aus\u00fcbung des<br \/>\nWiderrufsrechts dar.<\/p>\n<p>$ 8 Transportsch\u00e4den<br \/>\n(1) Werden Waren mit offensichtlichen Transportsch\u00e4den angeliefert, so reklamieren Sie solche Fehler bitte sofort bei<br \/>\ndem Zusteller und nehmen Sie bitte schnellstm\u00f6glich Kontakt zu uns auf.<br \/>\n(2) Das Vers\u00e4umen einer Reklamation oder Kontaktaufnahme hat f\u00fcr Ihre gesetzlichen Gew\u00e4hrleistungsrechte keine<br \/>\nKonsequenzen. Sie helfen uns aber, unsere eigenen Anspr\u00fcche gegen\u00fcber dem Frachtf\u00fchrer bzw. der Transportversicherung<br \/>\ngeltend machen zu k\u00f6nnen.<\/p>\n<p>$ 9 Gew\u00e4hrleistung<br \/>\nEs gelten die Bestimmungen \u00fcber die gesetzliche Gew\u00e4hrleistung. Die Gew\u00e4hrleistungsfrist betr\u00e4gt bei der Lieferung<br \/>\nbeweglicher Sachen 2 Jahre ab \u00dcbernahme der Ware.<\/p>\n<p>$ 10 Haftung<br \/>\nSchadenersatzanspr\u00fcche in F\u00e4llen leichter Fahrl\u00e4ssigkeit sind ausgeschlossen. Dies gilt nicht f\u00fcr Personensch\u00e4den oder<br \/>\nSch\u00e4den an zur Bearbeitung \u00fcbernommenen Sachen sowie Produkthaftungsanspr\u00fcche.<\/p>\n<p>$ 11 Werbegutscheine<br \/>\nPromotiongutscheine (Wertgutscheine, die nicht k\u00e4uflich erworben werden k\u00f6nnen, sondern die wir zum Beispiel im<br \/>\nRahmen einer Werbekampagne mit einer bestimmten G\u00fcltigkeitsdauer ausgeben) sind nur f\u00fcr unseren Webshop im<br \/>\nangegebenen Zeitraum g\u00fcltig und nur einmal im Rahmen eines Bestellvorgangs einl\u00f6sbar. Zur Einl\u00f6sung muss der<br \/>\nWarenwert mindestens dem genannten Betrag des Promotionsgutscheins entsprechen. Die Kombination mit anderen<br \/>\nGutscheinen oder weiteren Promotionsgutscheinen ist nicht m\u00f6glich, ebenso ist eine Barauszahlung oder Erstattung, sofern<br \/>\nkeine Gegenleistung daf\u00fcr erbracht wurde, ausgeschlossen. Eine Weitergabe an Dritte und Ver\u00f6ffentlichungen sind<br \/>\nuntersagt. Wenn Sie einen Promotionsgutschein bei Ihrem Kauf nutzen, behalten wir uns vor, Ihnen den urspr\u00fcnglichen<br \/>\nPreis der Ware, die Sie behalten, zu berechnen, falls \u2013 aufgrund Ihres Widerrufs \u2013 der Gesamtwert der Bestellung unter<br \/>\nden jeweiligen Wert des Promotionsgutscheines f\u00e4llt.<\/p>\n<p>$ 12 Schlussbestimmungen<br \/>\n(1)Sollte eine Bestimmung dieser Gesch\u00e4ftsbedingungen ganz oder teilweise rechtsunwirksam oder undurchf\u00fchrbar sein<br \/>\noder werden, so ber\u00fchrt dies nicht die Rechtswirksamkeit aller anderen Gesch\u00e4ftsbestimmungen.<br \/>\n(2) \u00c4nderungen oder Erg\u00e4nzungen eines Vertrages bed\u00fcrfen der Schriftform. Dies gilt auch f\u00fcr die \u00c4nderung des<br \/>\nSchriftformerfordernisses.<br \/>\n(3) Der Vertrag unterliegt ausschlie\u00dflich dem Recht der Republik \u00d6sterreich unter Ausschluss des UN-Kaufrechts.<br \/>\n(4) Zur Entscheidung aller aus diesem Vertrag entstehenden Streitigkeiten mit Unternehmern &#8211; einschlie\u00dflich einer solchen<br \/>\n\u00fcber sein Bestehen oder Nichtbestehen &#8211; wird die ausschlie\u00dfliche<br \/>\nZust\u00e4ndigkeit des sachlich in Betracht kommenden Gerichts der Stadt Salzburg vereinbart.<br \/>\n(5) F\u00fcr Verbraucher, die im Inland ihren Wohnsitz, gew\u00f6hnlichen Aufenthalt oder Ort der Besch\u00e4ftigung haben, ist wegen<br \/>\nStreitigkeiten aus diesem Vertrag \u2013 einschlie\u00dflich seines Bestehens \u2013 jenes Gericht zust\u00e4ndig, in dessen Sprengel<br \/>\nder Verbraucher seinen Wohnsitz, gew\u00f6hnlichen Aufenthalt oder Ort der Besch\u00e4ftigung hat. F\u00fcr Verbraucher, die im<br \/>\nZeitpunkt des Vertragsabschlusses keinen Wohnsitz in \u00d6sterreich haben, gelten die gesetzlichen Gerichtsst\u00e4nde.<br \/>\nGertraud Lackner KG<br \/>\nStand: Oktober 2017<\/p>\n","protected":false},"excerpt":{"rendered":"<p>Download AGB (PDF) $ 1 Geltungsbereich und Anbieter (1) F\u00fcr den Gesch\u00e4ftsverkehr der Gertraud Lackner KG, Baderg\u00e4\u00dfchen 2, A-5020 Salzburg, [&hellip;]<\/p>\n","protected":false},"author":1,"featured_media":0,"parent":0,"menu_order":0,"comment_status":"closed","ping_status":"closed","template":"","meta":{"footnotes":""},"class_list":["post-31","page","type-page","status-publish","hentry","no-featured-image"],"_links":{"self":[{"href":"https:\/\/woodart.at\/shop\/wp-json\/wp\/v2\/pages\/31","targetHints":{"allow":["GET"]}}],"collection":[{"href":"https:\/\/woodart.at\/shop\/wp-json\/wp\/v2\/pages"}],"about":[{"href":"https:\/\/woodart.at\/shop\/wp-json\/wp\/v2\/types\/page"}],"author":[{"embeddable":true,"href":"https:\/\/woodart.at\/shop\/wp-json\/wp\/v2\/users\/1"}],"replies":[{"embeddable":true,"href":"https:\/\/woodart.at\/shop\/wp-json\/wp\/v2\/comments?post=31"}],"version-history":[{"count":1,"href":"https:\/\/woodart.at\/shop\/wp-json\/wp\/v2\/pages\/31\/revisions"}],"predecessor-version":[{"id":1526,"href":"https:\/\/woodart.at\/shop\/wp-json\/wp\/v2\/pages\/31\/revisions\/1526"}],"wp:attachment":[{"href":"https:\/\/woodart.at\/shop\/wp-json\/wp\/v2\/media?parent=31"}],"curies":[{"name":"wp","href":"https:\/\/api.w.org\/{rel}","templated":true}]}}