{"id":25,"date":"2017-07-24T10:14:45","date_gmt":"2017-07-24T08:14:45","guid":{"rendered":"https:\/\/woodart.at\/shop\/versand__lieferung\/"},"modified":"2023-08-25T12:54:47","modified_gmt":"2023-08-25T10:54:47","slug":"versand__lieferung","status":"publish","type":"page","link":"https:\/\/woodart.at\/shop\/versand__lieferung\/","title":{"rendered":"Versand &amp; Lieferung"},"content":{"rendered":"<h3>\u00a7 3 Preise<\/h3>\n<p>(1) Alle Preise sind Gesamtpreise. Sie verstehen sich inklusive aller Steuern einschlie\u00dflich Umsatzsteuer und Abgaben aber ohne Versandkosten. Innerhalb Europas liefern wir versandkostenfrei. Die Versandkosten au\u00dferhalb Europas betragen pauschal 65,00 EUR netto.<\/p>\n<p>(2) Bei einer Lieferung in ein Nicht-EWR-Land hat der Kunde alle Im- und Exportspesen inklusive allf\u00e4lliger Z\u00f6lle, Geb\u00fchren und Abgaben zu tragen.<\/p>\n","protected":false},"excerpt":{"rendered":"<p>\u00a7 3 Preise (1) Alle Preise sind Gesamtpreise. Sie verstehen sich inklusive aller Steuern einschlie\u00dflich Umsatzsteuer und Abgaben aber ohne [&hellip;]<\/p>\n","protected":false},"author":1,"featured_media":0,"parent":0,"menu_order":0,"comment_status":"closed","ping_status":"closed","template":"","meta":{"footnotes":""},"class_list":["post-25","page","type-page","status-publish","hentry","no-featured-image"],"_links":{"self":[{"href":"https:\/\/woodart.at\/shop\/wp-json\/wp\/v2\/pages\/25","targetHints":{"allow":["GET"]}}],"collection":[{"href":"https:\/\/woodart.at\/shop\/wp-json\/wp\/v2\/pages"}],"about":[{"href":"https:\/\/woodart.at\/shop\/wp-json\/wp\/v2\/types\/page"}],"author":[{"embeddable":true,"href":"https:\/\/woodart.at\/shop\/wp-json\/wp\/v2\/users\/1"}],"replies":[{"embeddable":true,"href":"https:\/\/woodart.at\/shop\/wp-json\/wp\/v2\/comments?post=25"}],"version-history":[{"count":1,"href":"https:\/\/woodart.at\/shop\/wp-json\/wp\/v2\/pages\/25\/revisions"}],"predecessor-version":[{"id":1524,"href":"https:\/\/woodart.at\/shop\/wp-json\/wp\/v2\/pages\/25\/revisions\/1524"}],"wp:attachment":[{"href":"https:\/\/woodart.at\/shop\/wp-json\/wp\/v2\/media?parent=25"}],"curies":[{"name":"wp","href":"https:\/\/api.w.org\/{rel}","templated":true}]}}