{"id":596,"date":"2018-02-27T10:22:44","date_gmt":"2018-02-27T09:22:44","guid":{"rendered":"https:\/\/woodart.at\/shop\/produkt\/quarz-cuckoo-clock-13-1-3-inches-with-moving-watermill-beerdrinker-and-dancing-figurines\/"},"modified":"2020-12-07T12:42:44","modified_gmt":"2020-12-07T11:42:44","slug":"quarz-cuckoo-clock-13-1-3-inches-with-moving-watermill-beerdrinker-and-dancing-figurines","status":"publish","type":"product","link":"https:\/\/woodart.at\/shop\/en\/product\/quarz-cuckoo-clock-13-1-3-inches-with-moving-watermill-beerdrinker-and-dancing-figurines\/","title":{"rendered":"Quarz Cuckoo Clock (13 1\/3 inches) with moving watermill, beerdrinker and dancing figurines."},"content":{"rendered":"<p>Original Black Forest  Quarz Cuckoo Clock carved from Alpine wood and handpainted. We are certified by the Black Forest Cuckoo Clock Association (VdS) as the biggest authentic Cuckoo Clock retailer in Austria. The clock is battery operated, and the battery will work about one year before changing. The clock has a light sensor, in the night it will automatically shut off. Cuckoo calls every full hour with echo, afterwards it plays one of 12 typical alpine melodies (1. Kuckuckswalzer, 2. Bayrischer L\u00e4ndler, 3. M\u00fchle im Schwarzwald, 4. Holzhacker, 5. Fr\u00f6hlicher Wanderer, 6. Trink Br\u00fcderlein trink, 7. In M\u00fcnchen steht ein Hofbr\u00e4uhaus, 8. F\u00fcr Elise, 9. Loreley, 10. Home sweet Home, 11. Clementine, 12. Salut d&#8217;amour) The size refers only to the clockhouse, without pendulum and weights. Worldwide shipping. The clock need 3 baby C batteries, which are not included in the shippment. 2 years product warranty. For more information please click at the product video.<\/p>\n","protected":false},"excerpt":{"rendered":"<p>Original Black Forest Quarz Cuckoo Clock carved from Alpine wood and handpainted. We are certified by the Black Forest Cuckoo [&hellip;]<\/p>\n","protected":false},"featured_media":417,"comment_status":"closed","ping_status":"open","template":"","meta":[],"product_brand":[],"product_cat":[42,49],"product_tag":[],"class_list":{"0":"post-596","1":"product","2":"type-product","3":"status-publish","4":"has-post-thumbnail","6":"product_cat-cuckooclocks","7":"product_cat-quartz-clocks","9":"first","10":"instock","11":"taxable","12":"shipping-taxable","13":"purchasable","14":"product-type-simple","15":"has-featured-image","16":"landscape"},"_links":{"self":[{"href":"https:\/\/woodart.at\/shop\/en\/wp-json\/wp\/v2\/product\/596","targetHints":{"allow":["GET"]}}],"collection":[{"href":"https:\/\/woodart.at\/shop\/en\/wp-json\/wp\/v2\/product"}],"about":[{"href":"https:\/\/woodart.at\/shop\/en\/wp-json\/wp\/v2\/types\/product"}],"replies":[{"embeddable":true,"href":"https:\/\/woodart.at\/shop\/en\/wp-json\/wp\/v2\/comments?post=596"}],"wp:featuredmedia":[{"embeddable":true,"href":"https:\/\/woodart.at\/shop\/en\/wp-json\/wp\/v2\/media\/417"}],"wp:attachment":[{"href":"https:\/\/woodart.at\/shop\/en\/wp-json\/wp\/v2\/media?parent=596"}],"wp:term":[{"taxonomy":"product_brand","embeddable":true,"href":"https:\/\/woodart.at\/shop\/en\/wp-json\/wp\/v2\/product_brand?post=596"},{"taxonomy":"product_cat","embeddable":true,"href":"https:\/\/woodart.at\/shop\/en\/wp-json\/wp\/v2\/product_cat?post=596"},{"taxonomy":"product_tag","embeddable":true,"href":"https:\/\/woodart.at\/shop\/en\/wp-json\/wp\/v2\/product_tag?post=596"}],"curies":[{"name":"wp","href":"https:\/\/api.w.org\/{rel}","templated":true}]}}