{"id":4176,"date":"2018-04-24T12:23:14","date_gmt":"2018-04-24T11:23:14","guid":{"rendered":"https:\/\/woodart.at\/?page_id=4176"},"modified":"2018-05-22T15:16:23","modified_gmt":"2018-05-22T14:16:23","slug":"contact","status":"publish","type":"page","link":"https:\/\/woodart.at\/en\/contact\/","title":{"rendered":"Contact"},"content":{"rendered":"<p>&nbsp; Gertraud Lackner KG Opening Hours Mo \u2013 Fr 11 am \u2013 5 pm Sa 11 am \u2013 3 pm &nbsp; &nbsp; Address: Gertraud Lackner KGBaderg\u00e4\u00dfchen 25020 Salzburg\u00d6sterreich Tel:\u00a0+43 (662) 842385Email:\u00a0office@woodart.at Opening Hours Monday till Friday: 11 am \u2013 5 pm Saturday von 11 am  <a href=\"https:\/\/woodart.at\/en\/contact\/\" title=\"Read more on Contact\" class=\"more-link\">read more<\/a><\/p>\n","protected":false},"excerpt":{"rendered":"<p>&nbsp; Gertraud Lackner KG Opening Hours Mo \u2013 Fr 11 am \u2013 5 pm Sa 11 am \u2013 3 pm &nbsp; &nbsp; Address: Gertraud Lackner KGBaderg\u00e4\u00dfchen 25020 Salzburg\u00d6sterreich Tel:\u00a0+43 (662) 842385Email:\u00a0office@woodart.at Opening Hours Monday till Friday: 11 am \u2013 5 pm Saturday von 11 am read more<\/p>\n","protected":false},"author":5,"featured_media":0,"parent":0,"menu_order":0,"comment_status":"closed","ping_status":"closed","template":"","meta":{"footnotes":""},"class_list":["post-4176","page","type-page","status-publish","hentry","no-thumb"],"_links":{"self":[{"href":"https:\/\/woodart.at\/en\/wp-json\/wp\/v2\/pages\/4176","targetHints":{"allow":["GET"]}}],"collection":[{"href":"https:\/\/woodart.at\/en\/wp-json\/wp\/v2\/pages"}],"about":[{"href":"https:\/\/woodart.at\/en\/wp-json\/wp\/v2\/types\/page"}],"author":[{"embeddable":true,"href":"https:\/\/woodart.at\/en\/wp-json\/wp\/v2\/users\/5"}],"replies":[{"embeddable":true,"href":"https:\/\/woodart.at\/en\/wp-json\/wp\/v2\/comments?post=4176"}],"version-history":[{"count":1,"href":"https:\/\/woodart.at\/en\/wp-json\/wp\/v2\/pages\/4176\/revisions"}],"predecessor-version":[{"id":4288,"href":"https:\/\/woodart.at\/en\/wp-json\/wp\/v2\/pages\/4176\/revisions\/4288"}],"wp:attachment":[{"href":"https:\/\/woodart.at\/en\/wp-json\/wp\/v2\/media?parent=4176"}],"curies":[{"name":"wp","href":"https:\/\/api.w.org\/{rel}","templated":true}]}}